{"id":166,"date":"2026-02-05T14:54:36","date_gmt":"2026-02-05T14:54:36","guid":{"rendered":"http:\/\/tadastru.adisoft.lt\/tadastru\/"},"modified":"2026-02-19T10:40:10","modified_gmt":"2026-02-19T10:40:10","slug":"tadastru","status":"publish","type":"page","link":"https:\/\/tadastru.com\/en\/","title":{"rendered":"Tadastru"},"content":{"rendered":"\n<p>This is an example page. A page differs slightly from a post because it stays in one place and, in many themes, is displayed in the navigation menu. Usually, the first page created is &#8216;About&#8217;, where the website is introduced to visitors. This page can look like this:<\/p>\n\n<blockquote class=\"wp-block-quote is-layout-flow wp-block-quote-is-layout-flow\">\n\n<p>Hello! By day, I work as a courier; in the evenings, I try to become an actor, and I&#8217;m also building this website. I live in Vilnius, have a wonderful dog named Reksas, and love drinking juice (and getting caught in the rain).<\/p>\n\n<\/blockquote>\n\n<p>&#8230;or like this:<\/p>\n\n<blockquote class=\"wp-block-quote is-layout-flow wp-block-quote-is-layout-flow\">\n\n<p>UAB &#8220;Lazeri\u0173 \u012fmon\u0117&#8221; was founded in 1971 and has been producing various types of lasers ever since. &#8220;Lazeri\u0173 \u012fmon\u0117&#8221; is located in Kaunas, employing about 2000 physics specialists who daily create amazing products that make all our lives easier.<\/p>\n\n<\/blockquote>\n\n<p>Since you are a new WordPress user, visit your <a href=\"http:\/\/tadastru.adisoft.lt\/wp-admin\/\">Dashboard<\/a>, delete this page, and create new ones with your own content. Enjoy!<\/p>\n","protected":false},"excerpt":{"rendered":"<p>This is an example page. A page differs slightly from a post because it stays in one place and, in many themes, is displayed in the navigation menu. Usually, the first page created is &#8216;About&#8217;, where the website is introduced to visitors. This page can look like this: Hello! By day, I work as a [&hellip;]<\/p>\n","protected":false},"author":1,"featured_media":167,"parent":0,"menu_order":0,"comment_status":"closed","ping_status":"closed","template":"","meta":{"_acf_changed":false,"footnotes":""},"class_list":["post-166","page","type-page","status-publish","has-post-thumbnail","hentry"],"acf":[],"_links":{"self":[{"href":"https:\/\/tadastru.com\/en\/wp-json\/wp\/v2\/pages\/166","targetHints":{"allow":["GET"]}}],"collection":[{"href":"https:\/\/tadastru.com\/en\/wp-json\/wp\/v2\/pages"}],"about":[{"href":"https:\/\/tadastru.com\/en\/wp-json\/wp\/v2\/types\/page"}],"author":[{"embeddable":true,"href":"https:\/\/tadastru.com\/en\/wp-json\/wp\/v2\/users\/1"}],"replies":[{"embeddable":true,"href":"https:\/\/tadastru.com\/en\/wp-json\/wp\/v2\/comments?post=166"}],"version-history":[{"count":1,"href":"https:\/\/tadastru.com\/en\/wp-json\/wp\/v2\/pages\/166\/revisions"}],"predecessor-version":[{"id":168,"href":"https:\/\/tadastru.com\/en\/wp-json\/wp\/v2\/pages\/166\/revisions\/168"}],"wp:featuredmedia":[{"embeddable":true,"href":"https:\/\/tadastru.com\/en\/wp-json\/wp\/v2\/media\/167"}],"wp:attachment":[{"href":"https:\/\/tadastru.com\/en\/wp-json\/wp\/v2\/media?parent=166"}],"curies":[{"name":"wp","href":"https:\/\/api.w.org\/{rel}","templated":true}]}}